{"id":440,"date":"2012-04-16T21:37:49","date_gmt":"2012-04-16T20:37:49","guid":{"rendered":"http:\/\/cmup.fc.up.pt\/cmup\/mdelgado\/?page_id=440"},"modified":"2023-07-01T11:40:47","modified_gmt":"2023-07-01T10:40:47","slug":"projects","status":"publish","type":"page","link":"https:\/\/cmup.fc.up.pt\/cmup\/mdelgado\/projects\/","title":{"rendered":"Projects"},"content":{"rendered":"<p>I am a member of 3-year Andalucian research project <em>Monoides y semigrupos afines<\/em> (<a href=\"https:\/\/monoidsproject.uca.es\/project-data\/?lang=en\">ProyExcel_00868<\/a>), coordinated by Alberto Vigneron Tenorio (Univ. C\u00e1diz, Espanha) and Jos\u00e9 Carlos Rosales Gonz\u00e1lez (Univ. Granada)<br \/>\nOn the funding (in Spanish): Proyecto financiado en la convocatoria 2021 de Ayudas a Proyectos de Excelencia, en r\u00e9gimen de concurrencia competitiva, destinadas a entidades calificadas como Agentes del Sistema Andaluz del Conocimiento, en el \u00e1mbito del Plan Andaluz de Investigaci\u00f3n, Desarrollo e Innovaci\u00f3n (PAIDI 2020). Consejer\u00eda de Universidad, Investigaci\u00f3n e Innovaci\u00f3n de la Junta de Andaluc\u00eda.<\/p>\n<p>I am member of the research centre <em>Centro de Matem\u00e1tica da Universidade do Porto<\/em> (<a href=\"https:\/\/www.cmup.pt\">CMUP<\/a>)<\/p>\n<p><!--\nCurrenly I am member of the research team of the 3 year project <em>Estudio y aplicaciones de semigrupos num\u00e9ricos y afines<\/em> (MTM2017-84890-P), coordinated by Juan Ignacio Garc\u0131\u0301a-Garc\u0131\u0301a (Univ. C\u00e1diz, Espanha)\n\nI am member of the research team of the 3 year project <em>Semigrupos num\u00e9ricos y afines; generalizaciones y aplicaciones<\/em> MTM2014-55367-P coordinated by Pedro A. Garc\u00eda-S\u00e1nchez and Aureliano M. Robles Perez.\n(Funded by the Ministerio de Economia y Competitividad (Spain) and Fondo Europeo de Desarrollo Regional FEDER)\n--><br \/>\nFormerly&#8230;<\/p>\n<p>I have been coordinator of the research center <em>Centro de Matem\u00e1tica da Universidade do Porto<\/em> (<a href=\"https:\/\/www.cmup.pt\">CMUP<\/a>) from March 2013 to February 2017. As such, I have been responsible for the strategic project PEst-C\/MAT\/UI00144 from March 2013 to December 2015 and for the project UID\/MAT\/00144\/2013 from January 2015 to February 2017.<\/p>\n<p>I have been responsible for the <a href=\"http:\/\/www.fct.pt\/\">FCT<\/a> project <em>Automata, Semigroups and Applications<\/em> (<a href=\"http:\/\/cmup.fc.up.pt\/cmup\/ASA\/\">ASA<\/a>); 2006 &#8211; 2010.<br \/>\nVarious conferences have been organized within the framework of the ASA project. The <a href=\"http:\/\/www.fc.up.pt\/ICSrt2009\/\" target=\"_blank\" rel=\"noopener\">International Conference on Semigroups and related topics<\/a> (Porto, July 6 &#8211; 11, 2009) has been a major conference in the area. The <a href=\"http:\/\/www.worldscinet.com\/ijac\/21\/2107\/S02181967112107.html\">Issue 7 of Volume 21<\/a> of the <a href=\"http:\/\/www.worldscinet.com\/ijac\/\">International Journal of Algebra ad Computation<\/a> has been dedicated to it.<br \/>\n(For other conferences also organized within the framework of the project, hit &#8220;Conferences&#8221; in the above menu.)<\/p>\n","protected":false},"excerpt":{"rendered":"<p>I am a member of 3-year Andalucian research project Monoides y semigrupos afines (ProyExcel_00868), coordinated by Alberto Vigneron Tenorio (Univ. C\u00e1diz, Espanha) and Jos\u00e9 Carlos Rosales Gonz\u00e1lez (Univ. Granada) On the funding (in Spanish): Proyecto financiado en la convocatoria 2021 &hellip; <a href=\"https:\/\/cmup.fc.up.pt\/cmup\/mdelgado\/projects\/\">Continue reading <span class=\"meta-nav\">&rarr;<\/span><\/a><\/p>\n","protected":false},"author":1,"featured_media":0,"parent":0,"menu_order":5,"comment_status":"closed","ping_status":"closed","template":"","meta":[],"_links":{"self":[{"href":"https:\/\/cmup.fc.up.pt\/cmup\/mdelgado\/wp-json\/wp\/v2\/pages\/440"}],"collection":[{"href":"https:\/\/cmup.fc.up.pt\/cmup\/mdelgado\/wp-json\/wp\/v2\/pages"}],"about":[{"href":"https:\/\/cmup.fc.up.pt\/cmup\/mdelgado\/wp-json\/wp\/v2\/types\/page"}],"author":[{"embeddable":true,"href":"https:\/\/cmup.fc.up.pt\/cmup\/mdelgado\/wp-json\/wp\/v2\/users\/1"}],"replies":[{"embeddable":true,"href":"https:\/\/cmup.fc.up.pt\/cmup\/mdelgado\/wp-json\/wp\/v2\/comments?post=440"}],"version-history":[{"count":24,"href":"https:\/\/cmup.fc.up.pt\/cmup\/mdelgado\/wp-json\/wp\/v2\/pages\/440\/revisions"}],"predecessor-version":[{"id":1010,"href":"https:\/\/cmup.fc.up.pt\/cmup\/mdelgado\/wp-json\/wp\/v2\/pages\/440\/revisions\/1010"}],"wp:attachment":[{"href":"https:\/\/cmup.fc.up.pt\/cmup\/mdelgado\/wp-json\/wp\/v2\/media?parent=440"}],"curies":[{"name":"wp","href":"https:\/\/api.w.org\/{rel}","templated":true}]}}