{"id":45,"date":"2009-06-20T22:06:02","date_gmt":"2009-06-20T21:06:02","guid":{"rendered":"http:\/\/cmup.fc.up.pt\/cmup\/mdelgado\/?page_id=45"},"modified":"2017-06-06T11:49:59","modified_gmt":"2017-06-06T10:49:59","slug":"teaching","status":"publish","type":"page","link":"https:\/\/cmup.fc.up.pt\/cmup\/mdelgado\/teaching\/","title":{"rendered":"Teaching"},"content":{"rendered":"<p>No material is made available here. Some is made available for the students through the institutional pages of the courses.<\/p>\n<h2>2016 \/ 2017<\/h2>\n<ul>\n<li>\n<strong><i>Fundamental Algebra.<\/i><\/strong> First year of the <a title=\"UC|UP PHD program\" href=\"http:\/\/www.mat.uc.pt\/phd_prog\/\">University of Coimbra |University of Porto Joint Phd Program in Mathematics<\/a>. It is planned to cover part of a book by Pierre Antoine Grillet on <a title=\"book\" href=\"http:\/\/www.springer.com\/us\/book\/9780387715674\">Abstract Algebra<\/a>.\n<\/li>\n<li>\n<strong><i>Computational Mathematics.<\/i><\/strong> An optional course suitable for third year undergraduate students in Mathematics. I will be teaching one half of the course dedicated to computer algebra. Besides basic algorithms it is planned that some time is dedicated to <i>Gr\u00f6bner bases<\/i>.\n<\/li>\n<li>\n<strong><i>Algebra, Logic and Computation.<\/i><\/strong> First year of the <a title=\"UC|UP PHD program\" href=\"http:\/\/map-pdma.up.pt\/\">Universities of Minho, Porto and Aveiro joint Phd Program in Applied Mathematics<\/a>. (I will be teaching only a small part of the course.)\n<\/li>\n<li>\n<strong><i>Number Theory and applications.<\/i><\/strong> An optional course suitable for second year undergraduate students in Mathematics. The plan is to have an introductory course on Computational Number Theory. In other words, we plan to cover basics on algebraic number theory and present some applications to cryptography.\n<\/li>\n<\/ul>\n<h2>2015 \/ 2016<\/h2>\n<ul>\n<li>\n<strong><i>Fundamental Algebra.<\/i><\/strong> (UC|UP PHD Program in Mathematics)<br \/>\n<strong><i>Computational Algebra.<\/i><\/strong>(Optional; third year undergraduate level)<br \/>\n<strong><i>Number Theory and Cryptography.<\/i><\/strong> (Optional; second year undergraduate level)\n<\/li>\n<\/ul>\n<h2>Some old stuff&#8230;<\/h2>\n<p>This page has been written in Portuguese&#8230;<\/p>\n<p>No primeiro semestre do ano letivo de 2012\/2013 estive envolvido no ensino das unidade curriculares Matem\u00e1tica I (M195) e \u00c1lgebra Linear e Geometria Anal\u00edtica (M143). Foi disponibilizado material aos estudantes usando os meios que a faculdade e a universidade t\u00eam para esse efeito.<\/p>\n<p>No ano letivo de 2011\/2012 n\u00e3o tive nenhuma disciplina a meu cargo, por estar em sab\u00e1tica.<\/p>\n<p>No ano letivo de 2010\/2011 tive a meu cargo as disciplinas de &#8220;\u00c1lgebra Computacional&#8221; e de &#8220;Teoria dos N\u00fameros e Criptografia&#8221;. Trata-se de disciplinas de op\u00e7\u00e3o de v\u00e1rios cursos (licenciatura ou mestrado), lecionadas no Departamento de Matem\u00e1tica da Faculdade de Ci\u00eancias da Universidade do Porto.<\/p>\n<p>Diverso material, os slides usados nas aulas, por exemplo, \u00e9 disponibilizado na p\u00e1gina da disciplina no &#8220;Moodle U.PORTO&#8221;. Antes de estarem dispon\u00edveis estes meios fazia uso da <a title=\"antiga p\u00e1gina pessoal\" href=\"http:\/\/cmup.fc.up.pt\/cmup\/mdelgado\/oldsite\/ensino\/\">(antiga) p\u00e1gina pessoal<\/a>.<\/p>\n<p>Entre o material que fui disponibilizando encontram-se dois textos agora disponibilizados no <a title=\"Arquivo Escolar\" href=\"http:\/\/arquivoescolar.org\">Arquivo Escolar<\/a>. S\u00e3o eles <a href=\"http:\/\/arquivoescolar.org\/handle\/arquivo-e\/64\">Teoria Alg\u00e9brica dos Aut\u00f3matos<\/a> e <a href=\"http:\/\/arquivoescolar.org\/handle\/arquivo-e\/65\">Elementos de Matem\u00e1tica I<\/a>, este \u00faltimo em co-autoria com Elisa Mirra.<\/p>\n","protected":false},"excerpt":{"rendered":"<p>No material is made available here. Some is made available for the students through the institutional pages of the courses. 2016 \/ 2017 Fundamental Algebra. First year of the University of Coimbra |University of Porto Joint Phd Program in Mathematics. &hellip; <a href=\"https:\/\/cmup.fc.up.pt\/cmup\/mdelgado\/teaching\/\">Continue reading <span class=\"meta-nav\">&rarr;<\/span><\/a><\/p>\n","protected":false},"author":1,"featured_media":0,"parent":0,"menu_order":5,"comment_status":"closed","ping_status":"closed","template":"","meta":[],"_links":{"self":[{"href":"https:\/\/cmup.fc.up.pt\/cmup\/mdelgado\/wp-json\/wp\/v2\/pages\/45"}],"collection":[{"href":"https:\/\/cmup.fc.up.pt\/cmup\/mdelgado\/wp-json\/wp\/v2\/pages"}],"about":[{"href":"https:\/\/cmup.fc.up.pt\/cmup\/mdelgado\/wp-json\/wp\/v2\/types\/page"}],"author":[{"embeddable":true,"href":"https:\/\/cmup.fc.up.pt\/cmup\/mdelgado\/wp-json\/wp\/v2\/users\/1"}],"replies":[{"embeddable":true,"href":"https:\/\/cmup.fc.up.pt\/cmup\/mdelgado\/wp-json\/wp\/v2\/comments?post=45"}],"version-history":[{"count":27,"href":"https:\/\/cmup.fc.up.pt\/cmup\/mdelgado\/wp-json\/wp\/v2\/pages\/45\/revisions"}],"predecessor-version":[{"id":828,"href":"https:\/\/cmup.fc.up.pt\/cmup\/mdelgado\/wp-json\/wp\/v2\/pages\/45\/revisions\/828"}],"wp:attachment":[{"href":"https:\/\/cmup.fc.up.pt\/cmup\/mdelgado\/wp-json\/wp\/v2\/media?parent=45"}],"curies":[{"name":"wp","href":"https:\/\/api.w.org\/{rel}","templated":true}]}}